{"id":5,"date":"2017-12-02T11:38:32","date_gmt":"2017-12-02T10:38:32","guid":{"rendered":"https:\/\/peterskerlavaj.com\/?page_id=5"},"modified":"2022-07-19T12:22:22","modified_gmt":"2022-07-19T12:22:22","slug":"o-nas","status":"publish","type":"page","link":"https:\/\/peterskerlavaj.com\/sl\/o-nas\/","title":{"rendered":"o nas"},"content":{"rendered":"<p><\/p>\n<h1>Peter \u0160kerlavaj<\/h1>\n<p>Rojen 22.10.1944 v \u010crmo\u0161njicah na Dolenjskem. Po diplomi na Fakulteti za arhitekturo, Univerze v Ljubljani, se je zaposlil v projektivnem biroju Investa. Kasneje je deloval, kot samostojni kulturni delavec. Deluje na podro\u010dju arhitekture in interierja, ter oblikovanja in grafi\u010dnega oblikovanja. Prejel je ve\u010d nagrad na nate\u010dajih s podro\u010dja grafi\u010dnega oblikovanja in priznanj \u00bbDelo meseca\u00ab Dru\u0161tva oblikovalcev Slovenije. Njegov plakat BIO 9 je uvr\u0161\u010den v \u0161tudijsko zbirko MoMA New York. Leta 1985 je bil nominiran za republi\u0161ko \u00bbBorbino nagrado\u00ab za arhitekturo, za objekt Tovarna sla\u0161\u010dic Mercator \u2013 Konditor v Ljubljani. Leta 1988 je prejel Zupan\u010di\u010devo nagrado mesta Ljubljane za oblikovanje interierja trgovine Modni center v Ljubljani. Njegova dela so bila objavljena v doma\u010di in tuji strokovni literaturi in razstavljena v Sloveniji in tujini.<\/p>\n<p>&nbsp;<\/p>\n<div class=\"toggle\"><a class=\"tablinks current\" data-tab=\"nagrade\">nagrade<\/a> | <a class=\"tablinks\" data-tab=\"razstave\">razstave<\/a> | <a class=\"tablinks\" data-tab=\"objave\">objave<\/a><\/div>\n<div id=\"nagrade\" class=\"design current\">\n<h3><strong>arhitektura &amp; interier<\/strong><\/h3>\n<p><strong>Dnevni bar Brucbar,<\/strong> Ljubljana<br \/>\noblikovanje notranj\u0161\u010dine &#8211; interier<br \/>\nnagrada: \u00bbDelo meseca\u00ab DOS, Dru\u0161tva oblikovalcev Slovenije, 1980<\/p>\n<p><strong>Tovarna sla\u0161\u010dic Mercator Konditor,<\/strong> Ljubljana<br \/>\narhitektura in interier<br \/>\nnominiran za: republi\u0161ko \u00bbBorbino nagrado\u00ab za arhitekturo, 1985<\/p>\n<p><strong>Prodajalna Modni center,<\/strong> Ljubljana<br \/>\noblikovanje notranj\u0161\u010dine &#8211; interier<br \/>\n\u00bbZupan\u010di\u010deva nagrada\u00ab mesta Ljubljane, 1988<\/p>\n<p><strong>Stanovanjska hi\u0161a v \u010crnu\u0161ki gmajni,<\/strong> Ljubljana<br \/>\narhitektura in interier<br \/>\nPriznanje: \u00bbIzbor 20\u00ab, razstava DAL \u2013 Dru\u0161tva arhitektov Ljubljane, 1993<\/p>\n<h3><strong>oblikovanje &amp; grafi\u010dno oblikovanje<\/strong><\/h3>\n<p><strong>Lesni kombinat Hoja,<\/strong> Ljubljana<br \/>\n1.nagrada na nate\u010daju za za\u0161citni znak, 1969<\/p>\n<p><strong>Zdru\u017eeno \u017eelezni\u0161ko transportno podjetje,<\/strong> Ljubljana<br \/>\n1.nagrada na nate\u010daju za spominsko diplomo in zna\u010dko, 1970<\/p>\n<p><strong>Centromerkur,<\/strong> Ljubljana<br \/>\nodkup na nate\u010daju za za\u0161\u010ditni znak, 1971<\/p>\n<p><strong>\u017delezarna Jesenice<\/strong><br \/>\n1.nagrada na nate\u010daju za spominsko listino in zna\u010dko, 1972<\/p>\n<p><strong>Zavod za turizem Piran<\/strong><br \/>\nodkup na nate\u010daju za za\u0161\u010ditni znak Portoro\u017e, 1972<\/p>\n<p><strong>AS design 72<\/strong> \u2013 Zlatarna Celje<br \/>\n1.nagrada na nate\u010daju za oblikovanje zlatega in srebrnega nakita 1972<\/p>\n<p><strong>Liko Vrhnika<\/strong><br \/>\nodkup na nate\u010daju za za\u0161citni znak 1972<\/p>\n<p><strong>Bienale grafi\u010dnega oblikovanja,<\/strong> Maribor<br \/>\n2.nagrada na nate\u010daju za plakat 1.BIGO, 1972<br \/>\nsoavtorica Katja Zelinka \u0160kerlavaj<\/p>\n<p><strong>Ilirija,<\/strong> Ljubljana,<br \/>\nodkup na nate\u010daju za za\u0161citni znak, 1973<\/p>\n<p><strong>Bienale Industrijskega oblikovanja,<\/strong> Ljubljana<br \/>\nodkup (2.n.) na nate\u010daju za plakat BIO 6, 1974<\/p>\n<p><strong>BPT \u2013 Bomba\u017ena predilnica in tkalnica,<\/strong> Tr\u017ei\u010d<br \/>\n1.nagrada na nate\u010daju za za\u0161citni znak<\/p>\n<p><strong>30 let zmage nad fa\u0161izmom in osvoboditve,<\/strong> Novi sad<br \/>\n2.nagrada na nate\u010daju za plakat in znacko, 1975<\/p>\n<p><strong>Univerza v Ljubljani, Fakulteta za elektrotehniko<\/strong><br \/>\n1.nagrada na nate\u010daju za za\u0161\u010ditni znak, 1976<br \/>\nsoavtorica Katja Zelinka \u0160kerlavaj<\/p>\n<p><strong>Bienale industrijskega oblikovanja,<\/strong> Ljubljana<br \/>\n1.nagrada na nate\u010daju za plakat BIO 9, 1980<\/p>\n<p><strong>Bienale industrijskega oblikovanja,<\/strong> Ljubljana<br \/>\nodkup (2.n.) na nate\u010daju za plakat BIO 10, 1983<\/p>\n<\/div>\n<div id=\"razstave\" class=\"design\">\n<h3><strong>arhitektura &amp; interier<\/strong><\/h3>\n<p><strong>DAL \u2013 Dru\u0161tva arhitektov Ljubljane,<\/strong> od 1981 do 2020<br \/>\n<strong>DOS \u2013 Dru\u0161tva oblikovalcev Slovenije,<\/strong> od 1980 do 1995<br \/>\n<strong>DAL \u2013 Enodru\u017einska hi\u0161a v Sloveniji 1945 \u2013 1995,<\/strong> 1996<\/p>\n<h3><strong>oblikovanje &amp; grafi\u010dno oblikovanje<\/strong><\/h3>\n<p><strong>AS design 72<\/strong> \u2013 Ljubljana, 1972<br \/>\n<strong>1.BIGO \u2013 Bienale grafi\u010dnega oblikovanja,<\/strong> Maribor, 1972<br \/>\n<strong>BIO 5 \u2013 Bienale industrijskega oblikovanja,<\/strong> Ljubljana, 1973<br \/>\n<strong>BIO 6 \u2013 Bienale industrijskega oblikovanja,<\/strong> Ljubljana, 1975<br \/>\n<strong>DOS \u2013 Dru\u0161tvo oblikovalcev Slovenije<\/strong> \u2013 Ljubljana, \u00bbDelo meseca\u00ab, 1976<br \/>\n<strong>DOS \u2013 Dru\u0161tvo oblikovalcev Slovenije<\/strong> \u2013 Sarajevo, \u00bbDelo meseca\u00ab, 1978<br \/>\n<strong>8. Bienale Brno,<\/strong> 1978<br \/>\n<strong>Nate\u010daj za plakat BIO 9,<\/strong> Ljubljana, 1980<br \/>\n<strong>DOS \u2013 Dru\u0161tvo oblikovalcev Slovenije 30 let,<\/strong> Ljubljana, 1982<br \/>\n<strong>ZGRAF 3,<\/strong> Zagreb, 1981<br \/>\n<strong>10. Bienale Brno,<\/strong> 1982<br \/>\n<strong>5. Poster Bienale<\/strong> \u2013 Lahti, 1983<br \/>\n<strong>DOS \u2013 Dru\u0161tvo oblikovalcev Slovenije,<\/strong> Ljubljana, 1976 \u2013 2002<br \/>\n<strong>Pompidou Center \u2013 Typographism<\/strong> \u2013 plakat BIO 9, Paris, 1985<br \/>\n<strong>DOS \u2013 Dru\u0161tva oblikovalcev Slovenije 40 let,<\/strong> Ljubljana, 1992<br \/>\n<strong>Slovenski plakat<\/strong> \u2013 Zagreb, 2003<br \/>\n<strong>Redesign Europe<\/strong> \u2013 Berlin, 2005<br \/>\n<strong>MoMA New York<\/strong> \u2013 plakat BIO 9, \u0161tudijska zbirka, New york, 2011<br \/>\n<strong>Moderna galerija Ljubljana<\/strong> \u2013 plakat BIO 9, Osemdeseta &#8211; Novi prostori, nove podobe, Ljubljana, 2016<br \/>\n<strong>DAL &#8211; Arhitektura inventura<\/strong>, 2004 &#8211; 2021<\/p>\n<\/div>\n<div id=\"objave\" class=\"design\">\n<h3><strong>arhitektura &amp; interier<\/strong><\/h3>\n<p>Sinteza \u0161t.: 75,76,77,78\/ 1987 \u2013 Tovarna sla\u0161\u010dic Mercator Konditor, Ljubljana<br \/>\nSinteza \u0161t.: 75,76,77,78\/ 1987 \u2013 Sve\u010darna na Starem trgu, Ljubljana<br \/>\nSinteza \u0161t.: 79,80,81,82\/ 1988 \u2013 Prodajalna Modni center, Ljubljana<br \/>\nSinteza \u0161t.: 83,84,85,86\/ 1989 \u2013 Dnevni bar Modni bar, Ljubljana<br \/>\nSinteza \u0161t.: 95 -100\/ 1993 -1994 \u2013 Stanovanjska hi\u0161a v \u010crnu\u0161ki gmajni, Ljubljana<br \/>\nLIST 17. \u2013 DAL \/ 1996 \u2013 Enodru\u017einska hi\u0161a v Sloveniji 45 \u2013 95<br \/>\nRevija HI\u0160E #123 \/ December 2021 &#8211; Hi\u0161a U, Glince, Ljubljana<\/p>\n<h3><strong>oblikovanje &amp; grafi\u010dno oblikovanje<\/strong><\/h3>\n<p>\u010casopis DELO- kultura\/1973, \u00bbDelo meseca\u00ab DOS<br \/>\nF.M. Ricci &amp; C. Ferrari: Top simbols &amp; trademarks\/ ITA, Annual 8, 1977<br \/>\nF.M. Ricci &amp; C. Ferrari: Top simbols &amp; trademarks\/ ITA, Annual 10, 1979\/1980<br \/>\nS. Bernik: Plakat &amp; znak, 1989<br \/>\nY. Kuwayama: Trademarks collection- Europe 1\/ Japan<br \/>\nNovum gebrauchs graphik 11\/1983, Nem\u010dija<br \/>\nSinteza \u0161t.: 65- 68\/ 1984<br \/>\nIdea special issue 90\/ Japan<br \/>\nNR- Na\u0161i razgledi, 1988\/89<br \/>\nGraphis poster 90\/ \u0160vica<br \/>\nDOS- Design in Slovenia 1\/1995, Znaki, logotipi<br \/>\nIdea special issue 90\/ Japan<br \/>\nDOS- Design in Slovenia 2\/ Plakati<\/p>\n<\/div>\n<p><\/p>","protected":false},"excerpt":{"rendered":"<p>Peter \u0160kerlavaj Rojen 22.10.1944 v \u010crmo\u0161njicah na Dolenjskem. Po diplomi na Fakulteti za arhitekturo, Univerze v Ljubljani, se je zaposlil v projektivnem biroju Investa. Kasneje je deloval, kot samostojni kulturni delavec. Deluje na podro\u010dju arhitekture in interierja, ter oblikovanja in grafi\u010dnega oblikovanja. Prejel je ve\u010d nagrad na nate\u010dajih s podro\u010dja grafi\u010dnega oblikovanja in priznanj \u00bbDelo [&hellip;]<\/p>\n","protected":false},"author":1,"featured_media":0,"parent":0,"menu_order":1,"comment_status":"closed","ping_status":"closed","template":"","meta":{"footnotes":""},"_links":{"self":[{"href":"https:\/\/peterskerlavaj.com\/sl\/wp-json\/wp\/v2\/pages\/5"}],"collection":[{"href":"https:\/\/peterskerlavaj.com\/sl\/wp-json\/wp\/v2\/pages"}],"about":[{"href":"https:\/\/peterskerlavaj.com\/sl\/wp-json\/wp\/v2\/types\/page"}],"author":[{"embeddable":true,"href":"https:\/\/peterskerlavaj.com\/sl\/wp-json\/wp\/v2\/users\/1"}],"replies":[{"embeddable":true,"href":"https:\/\/peterskerlavaj.com\/sl\/wp-json\/wp\/v2\/comments?post=5"}],"version-history":[{"count":69,"href":"https:\/\/peterskerlavaj.com\/sl\/wp-json\/wp\/v2\/pages\/5\/revisions"}],"predecessor-version":[{"id":824,"href":"https:\/\/peterskerlavaj.com\/sl\/wp-json\/wp\/v2\/pages\/5\/revisions\/824"}],"wp:attachment":[{"href":"https:\/\/peterskerlavaj.com\/sl\/wp-json\/wp\/v2\/media?parent=5"}],"curies":[{"name":"wp","href":"https:\/\/api.w.org\/{rel}","templated":true}]}}