{"id":5,"date":"2017-12-02T11:38:32","date_gmt":"2017-12-02T10:38:32","guid":{"rendered":"https:\/\/peterskerlavaj.com\/?page_id=5"},"modified":"2022-07-19T12:22:22","modified_gmt":"2022-07-19T12:22:22","slug":"o-nas","status":"publish","type":"page","link":"https:\/\/peterskerlavaj.com\/en\/o-nas\/","title":{"rendered":"about"},"content":{"rendered":"<p><\/p>\n<h1>Peter \u0160kerlavaj<\/h1>\n<p>Born on October 22, 1944 in \u010crmo\u0161njice in the Dolenjska region. After graduating from the Faculty of Architecture, University of Ljubljana, he got a job in the project office of Invest. He later worked as a freelance cultural worker. He is active in the field of architecture and interior design, as well as design and graphic design. He has received several awards in competitions in the field of graphic design and the \u00bbWork of the Month\u00ab awards of the Designers Society of Slovenia. His BIO 9 poster is included in the MoMA New York study collection. In 1985, he was nominated for the national \u00bbBorba Award\u00ab for architecture, for the Mercator confectionery factory \u2013 Konditor in Ljubljana. In 1988, he received the Zupan\u010di\u010d Award of the City of Ljubljana for the interior design of the Modni Center store in Ljubljana. His works have been published in domestic and foreign professional literature and exhibited in Slovenia and abroad.<\/p>\n<p>&nbsp;<\/p>\n<div class=\"toggle\"><a class=\"tablinks current\" data-tab=\"nagrade\">awards<\/a> | <a class=\"tablinks\" data-tab=\"razstave\">exhibitions<\/a> | <a class=\"tablinks\" data-tab=\"objave\">publications<\/a><\/div>\n<div id=\"nagrade\" class=\"design current\">\n<h3><strong>architecture &amp; interior design<\/strong><\/h3>\n<p><strong>Brucbar day bar,<\/strong> Ljubljana<br \/>\ninterior design<br \/>\naward: \u00bbWork of the Month\u00ab DSS, Designers Society of Slovenia, 1980<\/p>\n<p><strong>Mercator confectionery factory \u2013 Konditor,<\/strong> Ljubljana<br \/>\narchitecture and interior design<br \/>\nnomination: republican \u00bbBorba Award\u00ab for architecture, 1985<\/p>\n<p><strong>Modni Center store,<\/strong> Ljubljana<br \/>\ninterior design<br \/>\n\u00bbZupan\u010di\u010d award\u00ab of the City of Ljubljana, 1988<\/p>\n<p><strong>Residential house in \u010crnu\u0161ka Gmajna,<\/strong> Ljubljana<br \/>\narchitecture and interior design<br \/>\nRecognition: \u00bbSelection 20\u00ab, DAL exhibition \u2013 Architects&#8217; Society of Ljubljana, 1993<\/p>\n<h3><strong>design &amp; graphic design<\/strong><\/h3>\n<p><strong>Timber combine Hoja,<\/strong> Ljubljana<br \/>\n1st prize in a trademark competition, 1969<\/p>\n<p><strong>United Rail Transport Company,<\/strong> Ljubljana<br \/>\n1st prize in the competition for a commemorative diploma and badge, 1970<\/p>\n<p><strong>Centromerkur,<\/strong> Ljubljana<br \/>\nAwarded in the logo competition, 1971<\/p>\n<p><strong>Ironworks Jesenice<\/strong><br \/>\n1st Prize in the competition for a commemorative diploma and badge, 1972<\/p>\n<p><strong>Piran Tourist Board<\/strong><br \/>\nAwarded in the Portoro\u017e logo competition, 1972<\/p>\n<p><strong>AS design 72<\/strong> \u2013 Zlatarna Celje<br \/>\n1st Prize in the gold and silver jewelry design competition, 1972<\/p>\n<p><strong>Liko Vrhnika<\/strong><br \/>\nAwarded in the logo competition, 1972<\/p>\n<p><strong>Biennial of graphic design,<\/strong> Maribor<br \/>\n2nd Prize in the competition for 1. BIGO poster, 1972<br \/>\nco-author Katja Zelinka \u0160kerlavaj<\/p>\n<p><strong>Ilirija,<\/strong> Ljubljana,<br \/>\nAwarded in the logo competition, 1973<\/p>\n<p><strong>Biennial of Industrial Design,<\/strong> Ljubljana<br \/>\nawarded (2nd Prize) in the competition for BIO 6 poster, 1974<\/p>\n<p><strong>BPT \u2013 Cotton spinning and weaving mill,<\/strong> Tr\u017ei\u010d<br \/>\n1st Prize in the logo competition<\/p>\n<p><strong>30 years of victory over fascism and liberation,<\/strong> Novi sad<br \/>\n2nd Prize in the poster and badge competition, 1975<\/p>\n<p><strong>University of Ljubljana, <\/strong><strong>Faculty of Electrical Engineering<\/strong><br \/>\n1st prize in the logo competition, 1976<br \/>\nco-author Katja Zelinka \u0160kerlavaj<\/p>\n<p><strong>Biennial of Industrial Design,<\/strong> Ljubljana<br \/>\n1st Prize in the competition for BIO 9 poster, 1980<\/p>\n<p><strong>Biennial of Industrial Design,<\/strong> Ljubljana<br \/>\nawarded (2nd Prize) in the competition for BIO 10 poster, 1983<\/p>\n<\/div>\n<div id=\"razstave\" class=\"design\">\n<h3><strong>architecture &amp; interior design<\/strong><\/h3>\n<p><strong>DAL \u2013 Architects&#8217; Society of Ljubljana<\/strong>, from 1981 to 2020<br \/>\n<strong>DSS \u2013 Designers Society of Slovenia<\/strong>, from 1980 to 1995<br \/>\n<strong>DAL \u2013 Single-Family House in Ljubljana<\/strong>, 1945 \u2013 1995, 1996<\/p>\n<h3><strong>design &amp; graphic design<\/strong><\/h3>\n<p><strong>AS design 72<\/strong> \u2013 Ljubljana, 1972<br \/>\n<strong>1st BIGO\u2013Biennial of Graphic Design,<\/strong> Maribor, 1972<br \/>\n<strong>BIO 5 \u2013 Biennial of Industrial Design,<\/strong> Ljubljana, 1973<br \/>\n<strong>BIO 6 \u2013 Biennial of Industrial Design,<\/strong> Ljubljana, 1975<br \/>\n<strong>DSS \u2013 Designers Society of Slovenia<\/strong> \u2013 Ljubljana, \u00bbWork of the Month\u00ab, 1976<br \/>\n<strong>DSS \u2013 Designers Society of Slovenia<\/strong> \u2013 Sarajevo, \u00bbWork of the Month\u00ab, 1978<br \/>\n<strong>8th Biennial Brno,<\/strong> 1978<br \/>\n<strong>BIO 9 poster competition,<\/strong> Ljubljana, 1980<br \/>\n<strong>DSS \u2013 Designers Society of Slovenia 30 years,<\/strong> Ljubljana, 1982<br \/>\n<strong>ZGRAF 3,<\/strong> Zagreb, 1981<br \/>\n<strong>10th Biennial Brno,<\/strong> 1982<br \/>\n<strong>5th Poster Biennial<\/strong> \u2013 Lahti, 1983<br \/>\n<strong>DSS \u2013 Designers Society of Slovenia,<\/strong> Ljubljana, 1976 \u2013 2002<br \/>\n<strong>Pompidou Center \u2013 Typographism<\/strong> \u2013 BIO 9 poster, Paris, 1985<br \/>\n<strong>DSS \u2013 Designers Society of Slovenia 40 years,<\/strong> Ljubljana, 1992<br \/>\n<strong>Slovenian poster<\/strong> \u2013 Zagreb, 2003<br \/>\n<strong>Redesign Europe<\/strong> \u2013 Berlin, 2005<br \/>\n<strong>MoMA New York<\/strong> \u2013 BIO 9 poster, study collection, New York, 2011<br \/>\n<strong>Museum of Modern Art Moderna Galerija<\/strong> \u2013 BIO 9 posters, Eighties \u2013 New places, new images, Ljubljana, 2016<br \/>\n<strong>DAL &#8211; Arhitektura inventura,<\/strong> 2004 &#8211; 2021<\/p>\n<\/div>\n<div id=\"objave\" class=\"design\">\n<h3><strong>architecture &amp; interior design<\/strong><\/h3>\n<p>Sinteza no.: 75,76,77,78\/ 1987 \u2013 Mercator confectionery factory Konditor, Ljubljana<br \/>\nSinteza no.: 75,76,77,78\/ 1987 \u2013 Candle shop in Stari trg, Ljubljana<br \/>\nSinteza no.: 79,80,81,82\/ 1988 \u2013 Modni Center store, Ljubljana<br \/>\nSinteza no.: 83,84,85,86\/ 1989 \u2013Modni Bar day bar, Ljubljana<br \/>\nSinteza no.: 95\u2013100\/ 1993\u20131994 \u2013 Residential house in \u010crnu\u0161ka Gmajna, Ljubljana<br \/>\nLIST 17. \u2013 DAL \/ 1996 \u2013 Single-Family House in Slovenia 45 \u2013 95<br \/>\nMagazine HI\u0160E #123 \/ December 2021 &#8211; U house, Glince, Ljubljana<\/p>\n<h3><strong>oblikovanje &amp; grafi\u010dno oblikovanje<\/strong><\/h3>\n<p>DELO newspaper \u2013 culture\/1973, \u00bbWork of the Month\u00ab DSS<br \/>\nF.M. Ricci &amp; C. Ferrari: Top simbols &amp; trademarks\/ ITA, Annual 8, 1977<br \/>\nF.M. Ricci &amp; C. Ferrari: Top simbols &amp; trademarks\/ ITA, Annual 10, 1979\/1980<br \/>\nS. Bernik: Poster &amp; sign, 1989<br \/>\nY. Kuwayama: Trademarks collection \u2013 Europe 1\/ Japan<br \/>\nNovum gebrauchs graphik 11\/1983, Germany<br \/>\nSinteza no.: 65\u201368\/ 1984<br \/>\nIdea special issue 90\/ Japan<br \/>\nNR \u2013 Na\u0161i razgledi, 1988\/89<br \/>\nGraphis poster 90\/ \u0160vica<br \/>\nDSS \u2013 Design in Slovenia 1\/1995, Signs, logos<br \/>\nIdea special issue 90\/ Japan<br \/>\nDSS \u2013 Design in Slovenia 2\/ Posters<\/p>\n<\/div>\n<p><\/p>","protected":false},"excerpt":{"rendered":"<p>Peter \u0160kerlavaj Born on October 22, 1944 in \u010crmo\u0161njice in the Dolenjska region. After graduating from the Faculty of Architecture, University of Ljubljana, he got a job in the project office of Invest. He later worked as a freelance cultural worker. He is active in the field of architecture and interior design, as well as [&hellip;]<\/p>\n","protected":false},"author":1,"featured_media":0,"parent":0,"menu_order":1,"comment_status":"closed","ping_status":"closed","template":"","meta":{"_acf_changed":false,"slim_seo":{"title":"[:sl]o nas[:en]about[:] - Peter \u0160kerlavaj","description":"[:sl] Peter \u0160kerlavaj Rojen 22.10.1944 v \u010crmo\u0161njicah na Dolenjskem. Po diplomi na Fakulteti za arhitekturo, Univerze v Ljubljani, se je zaposlil v projektivnem"},"footnotes":""},"class_list":["post-5","page","type-page","status-publish","hentry"],"acf":[],"_links":{"self":[{"href":"https:\/\/peterskerlavaj.com\/en\/wp-json\/wp\/v2\/pages\/5","targetHints":{"allow":["GET"]}}],"collection":[{"href":"https:\/\/peterskerlavaj.com\/en\/wp-json\/wp\/v2\/pages"}],"about":[{"href":"https:\/\/peterskerlavaj.com\/en\/wp-json\/wp\/v2\/types\/page"}],"author":[{"embeddable":true,"href":"https:\/\/peterskerlavaj.com\/en\/wp-json\/wp\/v2\/users\/1"}],"replies":[{"embeddable":true,"href":"https:\/\/peterskerlavaj.com\/en\/wp-json\/wp\/v2\/comments?post=5"}],"version-history":[{"count":69,"href":"https:\/\/peterskerlavaj.com\/en\/wp-json\/wp\/v2\/pages\/5\/revisions"}],"predecessor-version":[{"id":824,"href":"https:\/\/peterskerlavaj.com\/en\/wp-json\/wp\/v2\/pages\/5\/revisions\/824"}],"wp:attachment":[{"href":"https:\/\/peterskerlavaj.com\/en\/wp-json\/wp\/v2\/media?parent=5"}],"curies":[{"name":"wp","href":"https:\/\/api.w.org\/{rel}","templated":true}]}}